{"id":2050,"date":"2017-03-23T23:12:17","date_gmt":"2017-03-23T22:12:17","guid":{"rendered":"https:\/\/2017.eshg.org\/?page_id=2050"},"modified":"2019-06-07T10:49:37","modified_gmt":"2019-06-07T09:49:37","slug":"general-information","status":"publish","type":"page","link":"https:\/\/2019.eshg.org\/index.php\/myconference\/general-information\/","title":{"rendered":"General Information"},"content":{"rendered":"<div class=\"fusion-fullwidth fullwidth-box hundred-percent-fullwidth non-hundred-percent-height-scrolling\"  style='background-color: #ffffff;background-position: center center;background-repeat: no-repeat;padding-top:0px;padding-right:0px;padding-bottom:0px;padding-left:0px;'><div class=\"fusion-builder-row fusion-row \"><div  class=\"fusion-layout-column fusion_builder_column fusion_builder_column_3_4 fusion-builder-column-1 fusion-three-fourth fusion-column-first 3_4\"  style='margin-top:10px;margin-bottom:20px;width:74%; margin-right: 4%;'>\n\t\t\t\t\t<div class=\"fusion-column-wrapper\" style=\"padding: 0px 0px 0px 0px;background-position:left top;background-repeat:no-repeat;-webkit-background-size:cover;-moz-background-size:cover;-o-background-size:cover;background-size:cover;\"   data-bg-url=\"\">\n\t\t\t\t\t\t<div class=\"fusion-text\"><h3>Registration and Opening Hours<\/h3>\n<h4>Opening Hours\u00a0Registration and Preview Centre<\/h4>\n<table>\n<tbody>\n<tr>\n<td width=\"164\">Friday, June 14<\/td>\n<td width=\"187\">14.00 &#8211; 19.00 hrs<\/td>\n<\/tr>\n<tr>\n<td width=\"164\">Saturday, June 15<\/td>\n<td width=\"187\">07.30 &#8211; 20.15 hrs<\/td>\n<\/tr>\n<tr>\n<td width=\"164\">Sunday, June 16<\/td>\n<td width=\"187\">08.00 &#8211; 19.30 hrs<\/td>\n<\/tr>\n<tr>\n<td width=\"164\">Monday, June 17<\/td>\n<td width=\"187\">08.00 &#8211; 19.30 hrs<\/td>\n<\/tr>\n<tr>\n<td width=\"164\">Tuesday, June 18<\/td>\n<td width=\"187\">08.30 &#8211; 14.00 hrs<\/td>\n<\/tr>\n<\/tbody>\n<\/table>\n<h4>Opening Hours\u00a0Exhibition<\/h4>\n<table>\n<tbody>\n<tr>\n<td width=\"164\">Friday, June 14<\/td>\n<td width=\"187\">CLOSED!<\/td>\n<\/tr>\n<tr>\n<td width=\"164\">Saturday, June 15<\/td>\n<td width=\"187\">09.30 &#8211; 18.30 hrs<\/td>\n<\/tr>\n<tr>\n<td width=\"164\">Sunday, June 16<\/td>\n<td width=\"187\">09.00 &#8211; 17.45 hrs<\/td>\n<\/tr>\n<tr>\n<td width=\"164\">Monday, June 17<\/td>\n<td width=\"187\">09.00 &#8211; 17.45 hrs<\/td>\n<\/tr>\n<tr>\n<td width=\"164\">Tuesday, June 18<\/td>\n<td width=\"187\">CLOSED!<\/td>\n<\/tr>\n<\/tbody>\n<\/table>\n<h4>Badges<\/h4>\n<p>Participants should collect name badges from the conference registration desk. As only registered participants will be permitted to attend the scientific sessions, the exhibition and poster areas, you are required to wear your badge when entering and while remaining in the congress venue.<br \/>\nExhibitors will also receive badges to allow access to the appropriate areas.<br \/>\nLost badges can be replaced at the registration desk. However, a handling fee of EURO 50.- will be charged.<\/p>\n<h4>Cancellations and Refunds<\/h4>\n<p>Notice of cancellation had to be made in writing by email or fax to the Congress Office.<br \/>\nThe policy for refunding registration fees is as follows:<br \/>\nWritten cancellation received:<br \/>\n&#8211; until April 4, 2019: 75% refund<br \/>\n&#8211; between April 5 and May 23, 2019: 25% refund<br \/>\n&#8211; after May 23, 2019: no refund<br \/>\nThe date of the email\/fax ID is the basis for considering refunds. Refunds will be made after the congress.<\/p>\n<h4>Certificate of Attendance<\/h4>\n<p>Certificates of attendance will be issued at the registration desk.<\/p>\n<h4>Insurance<\/h4>\n<p>By registering to the ESHG 2019 participants agree that neither the organising committee nor the congress office assume any liability whatsoever. Participants are requested to make their own arrangements for health and travel insurance. The conference fee does not include insurance. Cancellations made after the deadline (May 31, 2019) cannot be refunded for any reasons.<\/p>\n<\/div><div class=\"fusion-sep-clear\"><\/div><div class=\"fusion-separator fusion-full-width-sep sep-none\" style=\"margin-left: auto;margin-right: auto;margin-top:10px;\"><\/div><div class=\"fusion-text\"><h3>Programme<\/h3>\n<h4>Mobile App<\/h4>\n<p>The mobile app with full programme and other useful information will be available for download two weeks before the conference.<\/p>\n<h4>Speakers\u2019 Preview<\/h4>\n<p>Equipment for a final check of the sequence of your presentation is available in the Speakers\u2019 preview room. All presenters should bring their electronic presentation to the Speakers\u2019 preview not later than 2 hours before the start of the session (30 minutes for the first morning sessions).<\/p>\n<h4>Poster Removal<\/h4>\n<p>The organisers cannot assume any liability for loss or damage of posters displayed in the poster area. Removal times for the different groups:<br \/>\n<strong>Groups A-C:\u00a0Monday, June 17, 2019 from 16.45 hrs<br \/>\nGroup D: Monday, June 17, 2019 between 17.45 &#8211; 18.00 hrs (strict!)<br \/>\nPosters that will not be removed by\u00a0Monday, June 17, 2019, 18.00 hrs, will be removed by the staff, will not be kept or mailed to the author after the meeting, but will be discarded.<\/strong><\/p>\n<h4>Live Streaming in the Exhibition Hall<\/h4>\n<p>The plenary lecture hall is equipped with a live transmission possibility to the Live area in the exhibition. The programme of the C room will be transmitted to this area during exhibition opening hours.<\/p>\n<h4>Coffee Breaks<\/h4>\n<p>During the session breaks, refreshments (coffee, tea and water) will be served free of charge to participants wearing name badges. Coffee and lunch bags will be served in the exhibition area.<\/p>\n<h4><b>Lunch and Refreshments<\/b><\/h4>\n<p>Lunch tickets for lunch boxes have to be pre-ordered \u2013 they cannot be purchased on site. Please note that lunch tickets are not refundable.\u00a0Lunch boxes can be picked up from 11.30 \u2013 13.30 at the coffee points in the exhibition. A cash bar is also available in the exhibition area.<\/p>\n<\/div><div class=\"fusion-sep-clear\"><\/div><div class=\"fusion-separator fusion-full-width-sep sep-none\" style=\"margin-left: auto;margin-right: auto;margin-top:10px;\"><\/div><div class=\"fusion-text\"><h3>Venue<\/h3>\n<h4>Conference Venue<\/h4>\n<p>Congress Venue \u2013 Swedish Exhibition &amp; Congress Center<br \/>\nM\u00e4ssans Gata\/Korsv\u00e4gen<br \/>\n412 94 G\u00f6teborg,\u00a0Sweden<br \/>\nEntrance No. 2<\/p>\n<h4>Travelling &#8211; Accessibility &#8211; Public Transportation<\/h4>\n<h5 class=\"SHome_t2\">By Air<\/h5>\n<p class=\"contentP\"><b>Landvetter\u00a0Airport<\/b><br \/>\nThe <a href=\"https:\/\/www.flygbussarna.se\/en\" target=\"_blank\" rel=\"noopener noreferrer\">Flygbussarna airport coaches<\/a> run to and from Landvetter airport (20 min. journey) and stop at Korsv\u00e4gen\/the Swedish Exhibition &amp; Congress Centre, right opposite the hotel. This is the first and last stop when travelling from and to the airport.<\/p>\n<h5 class=\"SHome_t2\">By Train<\/h5>\n<p class=\"contentP\">From Gothenburg Central Station take tram 2 (for Kroksl\u00e4tt) or tram 4 (for M\u00f6lndal). From Brunnsparken you can also take tram 5 (for Torp). The trams stop on Korsv\u00e4gen right opposite the hotel. You can find timetables for these trams on the <a href=\"https:\/\/www.vasttrafik.se\/en\/\" target=\"_blank\" rel=\"noopener noreferrer\">V\u00e4sttrafik website<\/a>.<\/p>\n<h5 class=\"contentP\">By Car<\/h5>\n<p>GPS coordinates: <a href=\"https:\/\/maps.app.goo.gl\/?link=https:\/\/goo.gl\/maps\/rLLMQQA9jAR2?utm_source%3Dapp-invite%26mt%3D8%26pt%3D9008%26utm_medium%3DSIMPLE%26utm_campaign%3Ds2e-ai%26ct%3Ds2e-ai&amp;apn=com.google.android.apps.maps&amp;amv=703000000&amp;isi=585027354&amp;ibi=com.google.Maps&amp;ius=comgooglemapsurl&amp;utm_source=app-invite&amp;mt=8&amp;pt=9008&amp;utm_medium=SIMPLE&amp;utm_campaign=s2e-ai&amp;ct=s2e-ai&amp;invitation_id=493454522602-49710286-78b6-4c2b-b7a2-e07e06e8d416\">Lat: N 57\u00ba 41\u2032 53.06\u2033 Long: E 11\u00ba 59\u2032 20.01\u2033<\/a><\/p>\n<p>E6\/E20 (from the north) and road 45 (from Karlstad): On arriving in Gothenburg, turn off when you see the sign \u201cM\u00e4ssan Scandinavium Liseberg\u201d. Take the first exit on the left, then turn right on to \u00d6rgrytev\u00e4gen and then take the next right exit for the hotel.<br \/>\nE6\/E20 (from the south) and road 40 (from Bor\u00e5s): On arriving in Gothenburg, turn off when you see the sign \u201cM\u00e4ssan Scandinavium Liseberg\u201d. Take the second exit on the right for the Gothia Towers hotel.<br \/>\nDuring your stay \u00a0you can choose from a number of convenient parking options.\u00a0All parking options are extremely popular, so to guarantee a parking space for your car, you will need to pre-book parking.<\/p>\n<h5 class=\"contentP\">Public Transport<\/h5>\n<p class=\"contentP\">Gothia Towers is located near the Korsv\u00e4gen stop. Korsv\u00e4gen is a hub for public transport in Gothenburg, and numerous tram and bus lines stop there. Korsv\u00e4gen is also the first stop for the airport bus coming from G\u00f6teborg Landvetter airport.<br \/>\nFor timetables and further information, please visit the\u00a0<a href=\"https:\/\/www.vasttrafik.se\/en\/\" target=\"_blank\" rel=\"noopener noreferrer\">V\u00e4sttrafik<\/a>\u00a0website.<br \/>\nThe stops Korsv\u00e4gen and Liseberg are about 100 metres from the Gothia Towers hotel\/Conference center entrance.<\/p>\n<h4>Cloakroom and Luggage<\/h4>\n<p>A cloakroom and luggage storage are available close to the registration area.<\/p>\n<h4>WIFI<\/h4>\n<p>WiFi is available throughout the conference venue. Network ID: <em>eshg2019<\/em>, password: <em>eshg2019<\/em><\/p>\n<h4>Staff<\/h4>\n<p>If you should have any questions, the congress staff (recognizable by a pink badge\/lanyard and a black T-Shirt) will be pleased to help you.<\/p>\n<\/div><div class=\"fusion-sep-clear\"><\/div><div class=\"fusion-separator fusion-full-width-sep sep-none\" style=\"margin-left: auto;margin-right: auto;margin-top:10px;\"><\/div><div class=\"fusion-text\"><h3>Conference Policy<\/h3>\n<h4>Language<\/h4>\n<p>The official language of the congress will be English (no simultaneous translation).<\/p>\n<h4>Pictures<\/h4>\n<p>Please note that taking pictures during the sessions is allowed, <strong><em>unless indicated accordingly by the presenter or the poster author<\/em><\/strong>. Persons who will not observe this rule will be excluded from the session by the chairpersons.<\/p>\n<h4>Smoking Policy<\/h4>\n<p>The ESHG 2019 is officially a \u201cNo-smoking-Conference\u201d. Note that smoking is banned in public buildings and private businesses &#8211; including restaurants, pubs, shops, public transport, entertainment venues and workplaces.<\/p>\n<h4>Social Media Guidelines<\/h4>\n<p>Please see our full policy\u00a0<a href=\"https:\/\/2019.eshg.org\/index.php\/media\/mediaonlinepolicy#social\" target=\"_blank\" rel=\"noopener noreferrer\">here<\/a>.<br \/>\nThe ESHG supports the use of social media around the European Human Genetics Conference to network with your colleagues and friends attending the meeting. Please do however respect the ESHG social media guidelines.<br \/>\nThe views and opinions posted on ESHG\u2019s social media do not necessarily reflect the views, opinions, or policies of the ESHG, its Board or membership. The ESHG reserves the right to remove comments it deems to be inappropriate.<\/p>\n<\/div><div class=\"fusion-menu-anchor\" id=\"CPH\"><\/div><div class=\"fusion-sep-clear\"><\/div><div class=\"fusion-separator fusion-full-width-sep sep-none\" style=\"margin-left: auto;margin-right: auto;margin-top:10px;\"><\/div><div class=\"fusion-text hidden\"><h3>Milan \u2013 General Information<\/h3>\n<h4>Bank services &#8211; Money matters<\/h4>\n<p>Banks are generally open from Monday to Friday from 8:30 a.m. to 1:30 p.m., and an hour and a half in the afternoon between 2:30 and 4:40 (closed on Saturdays and Sundays).\u00a0Some branches are open from 9.00-12.00 hrs on Saturdays. There are multiple bank machines (ATMs) open 24 hours a day throughout the city which accept all major international bankcards. The official currency of Italy is the Euro (\u20ac). Major credit cards are widely accepted, but please always check beforehand.<\/p>\n<h4>Currency<\/h4>\n<p>The official currency in Italy is the Euro (\u20ac).<\/p>\n<h4>V.A.T.<\/h4>\n<p>The VAT rate in Italy is 21%. From this year on, the ESHG charges VAT on the registration fees. All stated prices charged by the ESHG include VAT.<\/p>\n<h4>Emergency Services<\/h4>\n<p>European Emergency Number: 112<\/p>\n<h4>Pharmacies &#8211; Medical Emergencies<\/h4>\n<p>Most pharmacies are open during normal trading hours, a rotational service is in place. The following pharmacies are open 24\/7: Farmacia della Stazione (Stazione Centrale -Piazza Duca D&#8217;Aosta, Phone:+39 02 63470362); Farmacia Stazione Porta Genova (Porta Genova &#8211; Piazzale Stazione Genova 5, Phone:+39 02 58101634).<\/p>\n<h4>Safety &#8211; Crime<\/h4>\n<p>Milan is a relatively safe, secure city. However, use of common sense is (always) required, as in any large city. Experience has shown that some basic precautionary measures should always be kept in mind in any city:<br \/>\n&#8211; Do not carry important items like flight tickets, passports etc. with you when visiting the conference or strolling through the city, leave them in the hotel safe during your stay. Rather carry a Xerox copy of your passport or an identity card with you.<br \/>\n&#8211; Try not to carry all documents, money, credit cards and other essential items and valuables in one bag or purse. If it is lost or stolen, everything will be gone and might be difficult to replace on short notice, especially passports and visa to return to your country of residence.<br \/>\n&#8211; Take off your name badge when leaving the conference centre.<br \/>\n&#8211; In heavily frequented tourist zones and the metro at rush hour, be aware of attemps of scam and pickpocketing.<br \/>\n&#8211; Do not respond to anybody unknown to you who comes up to you on the street engaging you in a conversation, no matter how safe they appear to be.<br \/>\nFurther advice can be found\u00a0<a href=\"https:\/\/www.tripadvisor.com\/Travel-g187849-s206\/Milan:Italy:Health.And.Safety.html\">here<\/a><\/p>\n<h4>Telephone calls<\/h4>\n<p>The country code of Italy is 39 and the area code for Milan is 02. If calling a number in Milan from within Italy (including Milan!), dial 02 before the subscriber number.<\/p>\n<h4>GSM Cell Phone Roaming<\/h4>\n<p><span class=\"m_first-letter m_first-letter--flagged\">R<\/span>oaming charges within the European Union have officially been abolished.The EU &#8220;roam like at home&#8221; rules mean that when you use your mobile phone while\u00a0travelling outside your home country\u00a0in any\u00a0<span class=\"abbr-wrap\">EU country<\/span>\u00a0you don&#8217;t have to pay any additional roaming charges. You benefit from these rules when calling (to mobile and fixed phones), sending text messages (SMS) and using data services while abroad. Further information can be found <a href=\"http:\/\/europa.eu\/youreurope\/citizens\/consumers\/telecoms-internet\/mobile-roaming-costs\/index_en.htm#abbr-ID0E1\">here<\/a>.<\/p>\n<h4>Time Zone<\/h4>\n<p>Italy\u2019s time zone is Central European Time (CET) &#8211; GMT +2 hours.<\/p>\n<h4>Climate<\/h4>\n<p>The weather is generally nice (average 20\u00b0C, high: 26\u00b0C, average low: 13\u00b0C) im Milan in June. Please make sure to protect yourself from possible sunburns. Milan has an average rainfall of 93 mm over 12 days in June.<\/p>\n<h4>Drinking water<\/h4>\n<p>The tap water in Milan can be used without concern.<\/p>\n<h4>Electricity Supply<\/h4>\n<p>220-240 V &#8211; 50Hz AC, using\u00a0 CEI 23-50, CEI 23-5, some (older) sockets will not accept CEE\u00a07\/7 plugs, however in modern installations multiple standard sockets have been used.<\/p>\n<h4>Taxis<\/h4>\n<p>Taxis in Milan are not exactly cheap, as in most Italian cities. Fares are at a fixed price of EUR 3,20 per pick-up on weekdays plus EUR 1.06 per kilometre, 5,20 on Sunday, 6,20 after 21.00 hrs and on public holidays. The meter should only be started as you set off. Round up the tip to the nearest euro. Taxis cannot be hailed in the street. There are ranks (a white sign marked with a black &#8216;TAXI&#8217;) at Piazza del Duomo, Teatro La Scala and Castello Sforzesco, outside all airport terminals and at the train stations. Most taxi drivers speak a little English and are usually only too happy to make recommendations of sights, shops and restaurants. If you speak to them in Italian, they will rapidly become your new best friend.<br \/>\nAvoid bogus taxi drivers at the airports; they often over-charge by as much as 600 percent. Always go to the ranks outside the terminals. Licensed and metered taxis are white with yellow and black signs on top.<\/p>\n<h4>Shops<\/h4>\n<p>Most shops are open from 9.30-12.30 and 15.30-19.30 hrs, from Tuesday to Sunday. Bigger (and department) stores stay open all day. Most shops close on Sunday and re-open on Monday afternoon from about 15.30-19.30, except food stores, which re-open on Monday morning but close again for the afternoon. All major credit cards are generally accepted, but it is not possible to pay with foreign banknotes.<\/p>\n<h4>Eating Out in Milan<\/h4>\n<p>Like in every city heavily frequented by tourists, having an excellent meal for a fair price is just as easily possible, as getting mediocre food for not so little money, depending on the choice of location.<\/p>\n<p>A guide to eating in Milan:<br \/>\n<a href=\"http:\/\/www.cntraveller.com\/guides\/europe\/italy\/milan\/where-to-eat\" target=\"_blank\" rel=\"noopener noreferrer\">http:\/\/www.cntraveller.com\/guides\/europe\/italy\/milan\/where-to-eat<\/a><br \/>\n<a href=\"http:\/\/www.hostelworld.com\/guides\/city-guides\/milan\/italy\/eating-out\" target=\"_blank\" rel=\"noopener noreferrer\">http:\/\/www.hostelworld.com\/guides\/city-guides\/milan\/italy\/eating-out<\/a><br \/>\n<a href=\"http:\/\/www.lonelyplanet.com\/italy\/milan\/restaurants\" target=\"_blank\" rel=\"noopener noreferrer\">http:\/\/www.lonelyplanet.com\/italy\/milan\/restaurants<\/a><br \/>\nPlease note that these websites should serve as indication only. The ESHG is not endorsing any of the stated opinions or listed restaurants.<\/p>\n<h4>Tipping<\/h4>\n<p>Tipping is quite flexible in Milan as the \u2018coperto\u2019 (cover charge)\/service charge is automatically added in the bill. However, if you are happy with the service then tipping the staff is acceptable.Taxi drivers, theatre and cinema usherettes, luggage handlers are also given a token amount as a tip for their services, but you are not compelled to do so.<\/p>\n<h4>Tourist Information Centres<\/h4>\n<p>The exact address and opening hours of the tourist offices in Milan can be found <a href=\"http:\/\/www.aboutmilan.com\/tourist-offices-of-milan.html\" target=\"_blank\" rel=\"noopener noreferrer\">here<\/a>.<br \/>\nWebsite of the Milan Tourism:\u00a0<a href=\"http:\/\/www.tourism.milan.it\/\" target=\"_blank\" rel=\"noopener noreferrer\">http:\/\/www.tourism.milan.it<\/a><\/p>\n<\/div><div class=\"fusion-clearfix\"><\/div>\n\n\t\t\t\t\t<\/div>\n\t\t\t\t<\/div><div  class=\"fusion-layout-column fusion_builder_column fusion_builder_column_1_4 fusion-builder-column-2 fusion-one-fourth fusion-column-last 1_4\"  style='margin-top:10px;margin-bottom:20px;width:22%'>\n\t\t\t\t\t<div class=\"fusion-column-wrapper\" style=\"padding: 0px 0px 0px 0px;background-position:left top;background-repeat:no-repeat;-webkit-background-size:cover;-moz-background-size:cover;-o-background-size:cover;background-size:cover;\"   data-bg-url=\"\">\n\t\t\t\t\t\t<div class=\"fusion-text hidden\"><h6>Click the image to view the floor plan of the Bella Center:<\/h6>\n<\/div><div class=\"fusion-sep-clear\"><\/div><div class=\"fusion-separator fusion-full-width-sep sep-single sep-solid\" style=\"border-color:#e0dede;border-top-width:1px;margin-left: auto;margin-right: auto;margin-top:10px;margin-bottom:0px;width:100%;max-width:100%;\"><\/div><div class=\"fusion-text hidden\"><h6>Download the Final Programme as pdf:<\/h6>\n<\/div><span class=\"fusion-imageframe imageframe-none imageframe-1 hover-type-none\"><a class=\"fusion-no-lightbox\" href=\"https:\/\/www.journals.elsevier.com\/gene-x?utm_campaign=STMJ_1553165350_CALLP_OANCON&amp;utm_medium=BAN&amp;utm_source=WEB&amp;dgcid=STMJ_1553165350_CALLP_OANCON\" target=\"_blank\" aria-label=\"Gene-320&#215;320-Proof01\" rel=\"noopener noreferrer\"><img loading=\"lazy\" src=\"https:\/\/2019.eshg.org\/wp-content\/uploads\/2019\/03\/Gene-320x320-Proof01.gif\" width=\"320\" height=\"320\" alt=\"\" class=\"img-responsive wp-image-5865\" srcset=\"https:\/\/2019.eshg.org\/wp-content\/uploads\/2019\/03\/Gene-320x320-Proof01-200x200.gif 200w, https:\/\/2019.eshg.org\/wp-content\/uploads\/2019\/03\/Gene-320x320-Proof01.gif 320w\" sizes=\"(max-width: 800px) 100vw, 320px\" \/><\/a><\/span><div class=\"fusion-clearfix\"><\/div>\n\n\t\t\t\t\t<\/div>\n\t\t\t\t<\/div><\/div><\/div>\n","protected":false},"excerpt":{"rendered":"","protected":false},"author":2,"featured_media":0,"parent":325,"menu_order":0,"comment_status":"closed","ping_status":"closed","template":"","meta":{"inline_featured_image":false},"_links":{"self":[{"href":"https:\/\/2019.eshg.org\/index.php\/wp-json\/wp\/v2\/pages\/2050"}],"collection":[{"href":"https:\/\/2019.eshg.org\/index.php\/wp-json\/wp\/v2\/pages"}],"about":[{"href":"https:\/\/2019.eshg.org\/index.php\/wp-json\/wp\/v2\/types\/page"}],"author":[{"embeddable":true,"href":"https:\/\/2019.eshg.org\/index.php\/wp-json\/wp\/v2\/users\/2"}],"replies":[{"embeddable":true,"href":"https:\/\/2019.eshg.org\/index.php\/wp-json\/wp\/v2\/comments?post=2050"}],"version-history":[{"count":67,"href":"https:\/\/2019.eshg.org\/index.php\/wp-json\/wp\/v2\/pages\/2050\/revisions"}],"predecessor-version":[{"id":6668,"href":"https:\/\/2019.eshg.org\/index.php\/wp-json\/wp\/v2\/pages\/2050\/revisions\/6668"}],"up":[{"embeddable":true,"href":"https:\/\/2019.eshg.org\/index.php\/wp-json\/wp\/v2\/pages\/325"}],"wp:attachment":[{"href":"https:\/\/2019.eshg.org\/index.php\/wp-json\/wp\/v2\/media?parent=2050"}],"curies":[{"name":"wp","href":"https:\/\/api.w.org\/{rel}","templated":true}]}}