{"id":347,"date":"2016-10-07T11:10:58","date_gmt":"2016-10-07T10:10:58","guid":{"rendered":"https:\/\/2017.eshg.org\/?page_id=347"},"modified":"2019-05-07T10:32:14","modified_gmt":"2019-05-07T09:32:14","slug":"location-venue","status":"publish","type":"page","link":"https:\/\/2019.eshg.org\/index.php\/myconference\/location-venue\/","title":{"rendered":"Venue &#038; Location"},"content":{"rendered":"<div class=\"fusion-fullwidth fullwidth-box hundred-percent-fullwidth non-hundred-percent-height-scrolling\"  style='background-color: #ffffff;background-position: center center;background-repeat: no-repeat;padding-top:0px;padding-right:0px;padding-bottom:0px;padding-left:0px;'><div class=\"fusion-builder-row fusion-row \"><div  class=\"fusion-layout-column fusion_builder_column fusion_builder_column_3_4 fusion-builder-column-1 fusion-three-fourth fusion-column-first 3_4\"  style='margin-top:10px;margin-bottom:20px;width:74%; margin-right: 4%;'>\n\t\t\t\t\t<div class=\"fusion-column-wrapper\" style=\"padding: 0px 0px 0px 0px;background-position:left top;background-repeat:no-repeat;-webkit-background-size:cover;-moz-background-size:cover;-o-background-size:cover;background-size:cover;\"   data-bg-url=\"\">\n\t\t\t\t\t\t<div class=\"fusion-text\"><h2>Congress Venue<\/h2>\n<p><strong>Swedish Exhibition &amp; Congress Center<br \/>\n<\/strong>M\u00e4ssans Gata\/Korsv\u00e4gen<br \/>\n412 94 Gothenburg,\u00a0Sweden<br \/>\n<strong>Entrance No. 2<br \/>\n<\/strong><a href=\"https:\/\/en.svenskamassan.se\" target=\"_blank\" rel=\"noopener\">Website<\/a><strong><br \/>\n<\/strong><\/p>\n<\/div><div class=\"fusion-sep-clear\"><\/div><div class=\"fusion-separator fusion-full-width-sep sep-double\" style=\"border-color:#e0dede;border-top-width:0px;border-bottom-width:0px;margin-left: auto;margin-right: auto;margin-top:40px;\"><\/div><div class=\"fusion-text\"><h2 class=\"SHome_t2\">How to reach the venue?<\/h2>\n<h3 class=\"SHome_t2\">BY AIR<\/h3>\n<p class=\"contentP\"><b>Landvetter\u00a0Airport<\/b><br \/>\nThe <a href=\"https:\/\/www.flygbussarna.se\/en\" target=\"_blank\" rel=\"noopener\">Flygbussarna airport coaches<\/a> run to and from Landvetter airport (20 min. journey) and stop at Korsv\u00e4gen\/the Swedish Exhibition &amp; Congress Centre, right opposite the hotel. This is the first and last stop when travelling from and to the airport.<\/p>\n<h3 class=\"SHome_t2\">BY TRAIN<\/h3>\n<p class=\"contentP\">From Gothenburg Central Station take tram 2 (for Kroksl\u00e4tt) or tram 4 (for M\u00f6lndal). From Brunnsparken you can also take tram 5 (for Torp). The trams stop on Korsv\u00e4gen right opposite the hotel. You can find timetables for these trams on the <a href=\"https:\/\/www.vasttrafik.se\/en\/\" target=\"_blank\" rel=\"noopener\">V\u00e4sttrafik website<\/a>.<\/p>\n<h3 class=\"contentP\">BY CAR<\/h3>\n<p>GPS coordinates: <a href=\"https:\/\/maps.app.goo.gl\/?link=https:\/\/goo.gl\/maps\/rLLMQQA9jAR2?utm_source%3Dapp-invite%26mt%3D8%26pt%3D9008%26utm_medium%3DSIMPLE%26utm_campaign%3Ds2e-ai%26ct%3Ds2e-ai&amp;apn=com.google.android.apps.maps&amp;amv=703000000&amp;isi=585027354&amp;ibi=com.google.Maps&amp;ius=comgooglemapsurl&amp;utm_source=app-invite&amp;mt=8&amp;pt=9008&amp;utm_medium=SIMPLE&amp;utm_campaign=s2e-ai&amp;ct=s2e-ai&amp;invitation_id=493454522602-49710286-78b6-4c2b-b7a2-e07e06e8d416\">Lat: N 57\u00ba 41\u2032 53.06\u2033 Long: E 11\u00ba 59\u2032 20.01\u2033<\/a><\/p>\n<p>E6\/E20 (from the north) and road 45 (from Karlstad): On arriving in Gothenburg, turn off when you see the sign \u201cM\u00e4ssan Scandinavium Liseberg\u201d. Take the first exit on the left, then turn right on to \u00d6rgrytev\u00e4gen and then take the next right exit for the hotel.<br \/>\nE6\/E20 (from the south) and road 40 (from Bor\u00e5s): On arriving in Gothenburg, turn off when you see the sign \u201cM\u00e4ssan Scandinavium Liseberg\u201d. Take the second exit on the right for the Gothia Towers hotel.<br \/>\nDuring your stay \u00a0you can choose from a number of convenient parking options.\u00a0All parking options are extremely popular, so to guarantee a parking space for your car, you will need to pre-book parking.<\/p>\n<h3 class=\"contentP\">PUBLIC TRANSPORT<\/h3>\n<p class=\"contentP\">Gothia Towers is located near the Korsv\u00e4gen stop. Korsv\u00e4gen is a hub for public transport in Gothenburg, and numerous tram and bus lines stop there. Korsv\u00e4gen is also the first stop for the airport bus coming from G\u00f6teborg Landvetter airport.<br \/>\nFor timetables and further information, please visit the\u00a0<a href=\"https:\/\/www.vasttrafik.se\/en\/\" target=\"_blank\" rel=\"noopener\">V\u00e4sttrafik<\/a>\u00a0website.<br \/>\nThe stops Korsv\u00e4gen and Liseberg are about 100 metres from the Gothia Towers hotel\/Conference center entrance.<\/p>\n<\/div><div class=\"fusion-sep-clear\"><\/div><div class=\"fusion-separator fusion-full-width-sep sep-double\" style=\"border-color:#e0dede;border-top-width:0px;border-bottom-width:0px;margin-left: auto;margin-right: auto;margin-top:40px;\"><\/div><div class=\"fusion-text\"><h2>Gothenburg<\/h2>\n<p>Gothenburg is Sweden&#8217;s second biggest city located on the west coast of Sweden, at the outlet of the G\u00f6ta river. Gothenburg was once the centre of the Swedish ship-building industry and has turned into a diverse and lively city full of Swedish design, food and culture. Offering both land and sea, city and nature, cobbled streets and industrial buildings revived to modern galleries and hip cafes; Gothenburg is one of Europe&#8217;s top destinations.<\/p>\n<p>Check <a href=\"https:\/\/www.goteborg.com\/en\/\" target=\"_blank\" rel=\"noopener\">this website<\/a>\u00a0from the Goteborg Tourist Centre for more information and tips on places to go, eat and shop in Gothenburg.<\/p>\n<\/div><div class=\"fusion-clearfix\"><\/div>\n\n\t\t\t\t\t<\/div>\n\t\t\t\t<\/div><div  class=\"fusion-layout-column fusion_builder_column fusion_builder_column_1_4 fusion-builder-column-2 fusion-one-fourth fusion-column-last hidden 1_4\"  style='margin-top:10px;margin-bottom:20px;width:22%'>\n\t\t\t\t\t<div class=\"fusion-column-wrapper\" style=\"padding: 0px 0px 0px 0px;background-position:left top;background-repeat:no-repeat;-webkit-background-size:cover;-moz-background-size:cover;-o-background-size:cover;background-size:cover;\"   data-bg-url=\"\">\n\t\t\t\t\t\t<div class=\"fusion-text\"><h6>Download the Floor Plan of the venue<\/h6>\n<\/div><span class=\"fusion-imageframe imageframe-none imageframe-1 hover-type-none\"><a class=\"fusion-no-lightbox\" href=\"https:\/\/2018.eshg.org\/wp-content\/uploads\/2018\/06\/ESHG-2018-Floorplan-Floors-0-1.png\" target=\"_blank\" aria-label=\"Venue &#038; Location\" rel=\"noopener noreferrer\"><img loading=\"lazy\" src=\"https:\/\/2018.eshg.org\/wp-content\/uploads\/2018\/06\/ESHG-2018-Floorplan-Floors-0-1-200x171.png\" width=\"200\" height=\"171\" alt=\"\" class=\"img-responsive\"\/><\/a><\/span><div class=\"fusion-sep-clear\"><\/div><div class=\"fusion-separator fusion-full-width-sep sep-double\" style=\"border-color:#e0dede;border-top-width:0px;border-bottom-width:0px;margin-left: auto;margin-right: auto;margin-top:20px;margin-bottom:20px;\"><\/div><span class=\"fusion-imageframe imageframe-none imageframe-2 hover-type-none\"><a class=\"fusion-no-lightbox\" href=\"https:\/\/2018.eshg.org\/wp-content\/uploads\/2018\/06\/ESHG-2018-Floorplan-Floors-2-3.png\" target=\"_blank\" aria-label=\"Venue &#038; Location\" rel=\"noopener noreferrer\"><img loading=\"lazy\" src=\"https:\/\/2018.eshg.org\/wp-content\/uploads\/2018\/06\/ESHG-2018-Floorplan-Floors-2-3-200x144.png\" width=\"200\" height=\"144\" alt=\"\" class=\"img-responsive\"\/><\/a><\/span><div class=\"fusion-sep-clear\"><\/div><div class=\"fusion-separator fusion-full-width-sep sep-double\" style=\"border-color:#e0dede;border-top-width:0px;border-bottom-width:0px;margin-left: auto;margin-right: auto;margin-top:20px;margin-bottom:20px;\"><\/div><div class=\"fusion-text\"><h6>Download the Exhibition Floor Plan<\/h6>\n<\/div><span class=\"fusion-imageframe imageframe-none imageframe-3 hover-type-none\"><a class=\"fusion-no-lightbox\" href=\"https:\/\/2018.eshg.org\/wp-content\/uploads\/2018\/06\/ESHG-2018-Floor-Plan-22-May-2018.png\" target=\"_blank\" aria-label=\"Venue &#038; Location\" rel=\"noopener noreferrer\"><img loading=\"lazy\" src=\"https:\/\/2018.eshg.org\/wp-content\/uploads\/2018\/06\/ESHG-2018-Floor-Plan-22-May-2018-200x141.png\" width=\"200\" height=\"141\" alt=\"\" class=\"img-responsive\"\/><\/a><\/span><div class=\"fusion-clearfix\"><\/div>\n\n\t\t\t\t\t<\/div>\n\t\t\t\t<\/div><div  class=\"fusion-layout-column fusion_builder_column fusion_builder_column_1_4 fusion-builder-column-3 fusion-one-fourth fusion-column-first 1_4\"  style='margin-top:10px;margin-bottom:20px;width:22%; margin-right: 4%;'>\n\t\t\t\t\t<div class=\"fusion-column-wrapper\" style=\"padding: 0px 0px 0px 0px;background-position:left top;background-repeat:no-repeat;-webkit-background-size:cover;-moz-background-size:cover;-o-background-size:cover;background-size:cover;\"   data-bg-url=\"\">\n\t\t\t\t\t\t<span style=\"border:5px solid #f6f6f6;\" class=\"fusion-imageframe imageframe-none imageframe-4 hover-type-none\"><img loading=\"lazy\" src=\"https:\/\/2019.eshg.org\/wp-content\/uploads\/2018\/10\/Utsikt_Goteborg_Copyright_Anders_Wester.jpg\" width=\"728\" height=\"516\" alt=\"\" title=\"Utsikt_Goteborg_Copyright_Anders_Wester\" class=\"img-responsive wp-image-4932\" srcset=\"https:\/\/2019.eshg.org\/wp-content\/uploads\/2018\/10\/Utsikt_Goteborg_Copyright_Anders_Wester-200x142.jpg 200w, https:\/\/2019.eshg.org\/wp-content\/uploads\/2018\/10\/Utsikt_Goteborg_Copyright_Anders_Wester-400x284.jpg 400w, https:\/\/2019.eshg.org\/wp-content\/uploads\/2018\/10\/Utsikt_Goteborg_Copyright_Anders_Wester-600x425.jpg 600w, https:\/\/2019.eshg.org\/wp-content\/uploads\/2018\/10\/Utsikt_Goteborg_Copyright_Anders_Wester.jpg 728w\" sizes=\"(max-width: 800px) 100vw, 400px\" \/><\/span><span style=\"border:5px solid #f6f6f6;\" class=\"fusion-imageframe imageframe-none imageframe-5 hover-type-none\"><img loading=\"lazy\" src=\"https:\/\/2019.eshg.org\/wp-content\/uploads\/2018\/10\/Magasinsgat_Frida_Winter.jpg\" width=\"728\" height=\"490\" alt=\"\" title=\"Magasinsgat_Frida_Winter\" class=\"img-responsive wp-image-4931\" srcset=\"https:\/\/2019.eshg.org\/wp-content\/uploads\/2018\/10\/Magasinsgat_Frida_Winter-200x135.jpg 200w, https:\/\/2019.eshg.org\/wp-content\/uploads\/2018\/10\/Magasinsgat_Frida_Winter-400x269.jpg 400w, https:\/\/2019.eshg.org\/wp-content\/uploads\/2018\/10\/Magasinsgat_Frida_Winter-600x404.jpg 600w, https:\/\/2019.eshg.org\/wp-content\/uploads\/2018\/10\/Magasinsgat_Frida_Winter.jpg 728w\" sizes=\"(max-width: 800px) 100vw, 400px\" \/><\/span><span style=\"border:5px solid #f6f6f6;\" class=\"fusion-imageframe imageframe-none imageframe-6 hover-type-none\"><img loading=\"lazy\" src=\"https:\/\/2019.eshg.org\/wp-content\/uploads\/2018\/10\/Julstaden_Lilla_Bommen_2017_Studiografen_Mika_Aberra_1712-01.jpg\" width=\"728\" height=\"486\" alt=\"\" title=\"Julstaden_Lilla_Bommen_2017_Studiografen_Mika_Aberra_1712-01\" class=\"img-responsive wp-image-4930\" srcset=\"https:\/\/2019.eshg.org\/wp-content\/uploads\/2018\/10\/Julstaden_Lilla_Bommen_2017_Studiografen_Mika_Aberra_1712-01-200x134.jpg 200w, https:\/\/2019.eshg.org\/wp-content\/uploads\/2018\/10\/Julstaden_Lilla_Bommen_2017_Studiografen_Mika_Aberra_1712-01-400x267.jpg 400w, https:\/\/2019.eshg.org\/wp-content\/uploads\/2018\/10\/Julstaden_Lilla_Bommen_2017_Studiografen_Mika_Aberra_1712-01-600x401.jpg 600w, https:\/\/2019.eshg.org\/wp-content\/uploads\/2018\/10\/Julstaden_Lilla_Bommen_2017_Studiografen_Mika_Aberra_1712-01.jpg 728w\" sizes=\"(max-width: 800px) 100vw, 400px\" \/><\/span><div class=\"fusion-clearfix\"><\/div>\n\n\t\t\t\t\t<\/div>\n\t\t\t\t<\/div><div  class=\"fusion-layout-column fusion_builder_column fusion_builder_column_3_4 fusion-builder-column-4 fusion-three-fourth fusion-column-last 3_4\"  style='margin-top:10px;margin-bottom:20px;width:74%'>\n\t\t\t\t\t<div class=\"fusion-column-wrapper\" style=\"padding: 0px 0px 0px 0px;background-position:left top;background-repeat:no-repeat;-webkit-background-size:cover;-moz-background-size:cover;-o-background-size:cover;background-size:cover;\"   data-bg-url=\"\">\n\t\t\t\t\t\t<iframe src=\"https:\/\/www.google.com\/maps\/embed?pb=!1m18!1m12!1m3!1d2132.0768840049086!2d11.986449916092363!3d57.69816358111809!2m3!1f0!2f0!3f0!3m2!1i1024!2i768!4f13.1!3m3!1m2!1s0x464ff3763166cc1f%3A0x9cca0ad177659dbe!2sSvenska+M%C3%A4ssan!5e0!3m2!1sde!2sat!4v1539342040786\" width=\"600\" height=\"450\" frameborder=\"0\" style=\"border:0\" allowfullscreen><\/iframe><div class=\"fusion-clearfix\"><\/div>\n\n\t\t\t\t\t<\/div>\n\t\t\t\t<\/div><\/div><\/div>\n","protected":false},"excerpt":{"rendered":"","protected":false},"author":5,"featured_media":0,"parent":325,"menu_order":0,"comment_status":"closed","ping_status":"closed","template":"","meta":{"inline_featured_image":false},"_links":{"self":[{"href":"https:\/\/2019.eshg.org\/index.php\/wp-json\/wp\/v2\/pages\/347"}],"collection":[{"href":"https:\/\/2019.eshg.org\/index.php\/wp-json\/wp\/v2\/pages"}],"about":[{"href":"https:\/\/2019.eshg.org\/index.php\/wp-json\/wp\/v2\/types\/page"}],"author":[{"embeddable":true,"href":"https:\/\/2019.eshg.org\/index.php\/wp-json\/wp\/v2\/users\/5"}],"replies":[{"embeddable":true,"href":"https:\/\/2019.eshg.org\/index.php\/wp-json\/wp\/v2\/comments?post=347"}],"version-history":[{"count":40,"href":"https:\/\/2019.eshg.org\/index.php\/wp-json\/wp\/v2\/pages\/347\/revisions"}],"predecessor-version":[{"id":6378,"href":"https:\/\/2019.eshg.org\/index.php\/wp-json\/wp\/v2\/pages\/347\/revisions\/6378"}],"up":[{"embeddable":true,"href":"https:\/\/2019.eshg.org\/index.php\/wp-json\/wp\/v2\/pages\/325"}],"wp:attachment":[{"href":"https:\/\/2019.eshg.org\/index.php\/wp-json\/wp\/v2\/media?parent=347"}],"curies":[{"name":"wp","href":"https:\/\/api.w.org\/{rel}","templated":true}]}}